{"id":218,"date":"2025-11-24T17:56:23","date_gmt":"2025-11-24T17:56:23","guid":{"rendered":"https:\/\/audibrok.com\/?page_id=218"},"modified":"2025-11-26T17:49:18","modified_gmt":"2025-11-26T17:49:18","slug":"pymes","status":"publish","type":"page","link":"https:\/\/audibrok.com\/index.php\/pymes\/","title":{"rendered":"PYMES"},"content":{"rendered":"\n<div class=\"wp-block-columns is-layout-flex wp-container-core-columns-is-layout-28f84493 wp-block-columns-is-layout-flex\">\n<div class=\"wp-block-column is-layout-flow wp-block-column-is-layout-flow\">\n<div class=\"titular-auditoria\" style=\"font-family: Arial, sans-serif; padding: 20px;\">\n\n    <h1 style=\"font-size: 42px; margin: 0; font-weight: 700; color: #3a3a3a;\">\n        Auditor\u00eda energ\u00e9tica\n    <\/h1>\n\n    <p style=\"font-size: 28px; margin-top: 10px; color: #ff8e94;\">\n        La mejor estrategia para alcanzar la eficiencia energ\u00e9tica en las PYMES\n    <\/p>\n\n<\/div>\n\n<style>\n@media (max-width: 800px) {\n\n    .titular-auditoria {\n        text-align: center !important;\n        padding: 10px !important;\n    }\n\n    .titular-auditoria h1 {\n        font-size: 30px !important;\n        line-height: 1.2 !important;\n    }\n\n    .titular-auditoria p {\n        font-size: 18px !important;\n        line-height: 1.3 !important;\n        margin-top: 8px !important;\n    }\n}\n<\/style>\n\n<\/div>\n<\/div>\n\n\n\n<div class=\"wp-block-columns is-layout-flex wp-container-core-columns-is-layout-28f84493 wp-block-columns-is-layout-flex\">\n<div class=\"wp-block-column is-layout-flow wp-block-column-is-layout-flow\">\n<div class=\"auditoria-bloque\" style=\"display:flex; width:100%; font-family:Arial, sans-serif;\">\n\n    <div style=\"width:50%;\">\n        <img decoding=\"async\" src=\"https:\/\/audibrok.com\/wp-content\/uploads\/2025\/11\/upscalemedia-transformed.jpeg\" style=\"width:100%; height:auto;\">\n    <\/div>\n\n    <div style=\"width:50%; padding:20px;\">\n        \n        <h2 style=\"font-size:38px; margin-top:0; color:#333;\">\n            Auditor\u00eda de eficiencia energ\u00e9tica\n        <\/h2>\n\n        <p style=\"font-size:18px; line-height:1.6; color:#555;\">\n            \u00bfAlguna vez has considerado ahorrar dinero en la factura de energ\u00eda mientras \n            mantienes un alto rendimiento, confort, salud y seguridad en tu empresa?\n            Si es as\u00ed, entonces una auditor\u00eda energ\u00e9tica es la soluci\u00f3n que necesita tu negocio.\n        <\/p>\n\n        <p style=\"font-size:18px; line-height:1.6; color:#555;\">\n            Llevamos a cabo auditor\u00edas energ\u00e9ticas exhaustivas y detalladas para asegurarnos de \n            identificar cualquier oportunidad de ahorro en el consumo de energ\u00eda. Durante la \n            auditor\u00eda, realizamos una inspecci\u00f3n rigurosa y mediciones para determinar los \n            flujos de energ\u00eda en la empresa.\n        <\/p>\n\n        <p style=\"font-size:18px; line-height:1.6; color:#555;\">\n            Nuestro objetivo es reducir el consumo de energ\u00eda y, de ser posible, mejorar los \n            est\u00e1ndares de rendimiento, confort, salud y seguridad. Al final del estudio, \n            identificamos y definimos medidas concretas de ahorro y proporcionamos un plan \n            de implementaci\u00f3n para cada una de ellas.\n        <\/p>\n\n        <p style=\"font-size:18px; line-height:1.6; color:#555;\">\n            Cont\u00e1ctanos para programar una auditor\u00eda energ\u00e9tica y descubrir cu\u00e1nto puedes \n            ahorrar en el consumo de energ\u00eda.\n        <\/p>\n\n    <\/div>\n\n<\/div>\n\n<style>\n@media (max-width: 800px) {\n\n    .auditoria-bloque {\n        flex-direction: column !important;\n        gap: 20px !important;\n    }\n\n    .auditoria-bloque > div {\n        width: 100% !important;\n    }\n\n    .auditoria-bloque h2 {\n        font-size: 26px !important;\n        line-height: 1.2 !important;\n    }\n\n    .auditoria-bloque p {\n        font-size: 16px !important;\n        line-height: 1.5 !important;\n    }\n}\n<\/style>\n\n<\/div>\n<\/div>\n\n\n\n<div class=\"wp-block-columns is-layout-flex wp-container-core-columns-is-layout-28f84493 wp-block-columns-is-layout-flex\">\n<div class=\"wp-block-column is-layout-flow wp-block-column-is-layout-flow\">\n<div id=\"bitforms_2_218_1\" class=\"bit-form AK2 BC2 _frm-bg-b2\">\n      \n          <form novalidate id=\"form-bitforms_2_218_1\" class=\"AI2 AJ2 _frm-b2\"  method='post'>\n              <input type=\"text\" class=\"d-none\" name=\"csrf\" value=\"QU+o4Xm+Yp9VVh32I6odDcM9VVIyp0yOYipxhzfEGbY=\">\n              <input type=\"text\" class=\"d-none\" name=\"t_identity\" value=\"g5c7hYoqjSth05wZjzf0qEWK8SI2cmDxf4ZJZCl+QVU=\">\n              \n              <input type=\"text\" class=\"d-none\" name=\"bitforms_id\" value=\"bitforms_2\">\n                  <div class=\"btcd-fld-itm b2-2 \">\n        <div \n      \n      class=\"J2 N2 O2 P2 b2-2-fld-wrp bf-fld-wrp \"\n    >\n            <div \n        \n        class=\"H2 y2 AC2 b2-2-lbl-wrp bf-lbl-wrp \" \n      >\n              <label \n         \n        class=\"A2 D2 H2 y2 z2 AA2 AB2 BB2 b2-2-lbl bf-lbl \"\n        for=\"b2-2-1\">\n        \n        \n        Nombre\n        \n              <span \n        \n        class=\"AD2 AE2 b2-2-req-smbl bf-req-smbl \" \n      >\n        *\n      <\/span>\n      <\/label>\n        \n      <\/div>\n      <div \n        \n        class=\"b2-2-inp-wrp bf-inp-wrp \"\n      > \n            <div \n      \n      class=\"P2 x2 b2-2-inp-fld-wrp bf-inp-fld-wrp \"\n    >\n      <input\n        \n        id=\"b2-2-1\"\n        \n        class=\"B2 E2 F2 a2 b2 c2 d2 e2 f2 g2 h2 i2 j2 k2 l2 m2 n2 o2 p2 q2 r2 s2 t2 u2 v2 w2 Ar2 As2 At2 Au2 Av2 Aw2 Ax2 Ay2 Az2 BA2 b2-2-fld bf-fld \"\n        type=\"text\"\n        required\n        \n        \n        placeholder='John Doe'\n        \n        \n        autocomplete='name'\n        \n        name='text-b2-2'\n        \n        \n      \/>\n      \n      \n    <\/div>\n    \n        \n            <div class='K2 L2 M2 b2-2-err-wrp bf-err-wrp' style=\"opacity: 0 !important; height: 0px !important;\">\n    <div class='I2 b2-2-err-inner bf-err-inner'>\n      \n        \n        <div   class=\"A2 D2 Q2 R2 S2 T2 U2 V2 W2 X2 Y2 Z2 b2-2-err-msg bf-err-msg  J2 b2-2-err-txt bf-err-txt \" style='display: none !important;'><\/div>\n        \n      \n      <\/div>\n    <\/div>\n      <\/div>\n    <\/div>\n<\/div><div class=\"btcd-fld-itm b2-5 \">\n        <div \n      \n      class=\"J2 N2 O2 P2 b2-5-fld-wrp bf-fld-wrp \"\n    >\n            <div \n        \n        class=\"H2 y2 AC2 b2-5-lbl-wrp bf-lbl-wrp \" \n      >\n              <label \n         \n        class=\"A2 D2 H2 y2 z2 AA2 AB2 BB2 b2-5-lbl bf-lbl \"\n        for=\"b2-5-1\">\n        \n        \n        Email\n        \n              <span \n        \n        class=\"AD2 AE2 b2-5-req-smbl bf-req-smbl \" \n      >\n        *\n      <\/span>\n      <\/label>\n        \n      <\/div>\n      <div \n        \n        class=\"b2-5-inp-wrp bf-inp-wrp \"\n      > \n            <div \n      \n      class=\"P2 x2 b2-5-inp-fld-wrp bf-inp-fld-wrp \"\n    >\n      <input\n        \n        id=\"b2-5-1\"\n        \n        class=\"B2 E2 F2 a2 b2 c2 d2 e2 f2 g2 h2 i2 j2 k2 l2 m2 n2 o2 p2 q2 r2 s2 t2 u2 v2 w2 Ar2 As2 At2 Au2 Av2 Aw2 Ax2 Ay2 Az2 BA2 b2-5-fld bf-fld \"\n        type=\"email\"\n        required\n        \n        \n        placeholder='example@mail.com'\n        \n        \n        autocomplete='email'\n        \n        name='email-b2-5'\n        \n        \n      \/>\n      \n      \n    <\/div>\n    \n        \n            <div class='K2 L2 M2 b2-5-err-wrp bf-err-wrp' style=\"opacity: 0 !important; height: 0px !important;\">\n    <div class='I2 b2-5-err-inner bf-err-inner'>\n      \n        \n        <div   class=\"A2 D2 Q2 R2 S2 T2 U2 V2 W2 X2 Y2 Z2 b2-5-err-msg bf-err-msg  J2 b2-5-err-txt bf-err-txt \" style='display: none !important;'><\/div>\n        \n      \n      <\/div>\n    <\/div>\n      <\/div>\n    <\/div>\n<\/div><div class=\"btcd-fld-itm b2-7 \">\n        <div \n      \n      class=\"J2 N2 O2 P2 b2-7-fld-wrp bf-fld-wrp \"\n    >\n            <div \n        \n        class=\"H2 y2 AC2 b2-7-lbl-wrp bf-lbl-wrp \" \n      >\n              <label \n         \n        class=\"A2 D2 H2 y2 z2 AA2 AB2 BB2 b2-7-lbl bf-lbl \"\n        for=\"b2-7-1\">\n        \n        \n        Asunto\n        \n        \n      <\/label>\n        \n      <\/div>\n      <div \n        \n        class=\"b2-7-inp-wrp bf-inp-wrp \"\n      > \n            <div \n      \n      class=\"P2 x2 b2-7-inp-fld-wrp bf-inp-fld-wrp \"\n    >\n      <input\n        \n        id=\"b2-7-1\"\n        \n        class=\"B2 E2 F2 a2 b2 c2 d2 e2 f2 g2 h2 i2 j2 k2 l2 m2 n2 o2 p2 q2 r2 s2 t2 u2 v2 w2 Ar2 As2 At2 Au2 Av2 Aw2 Ax2 Ay2 Az2 BA2 b2-7-fld bf-fld \"\n        type=\"text\"\n        \n        \n        \n        placeholder='Marcador de posici\u00f3n...'\n        \n        \n        \n        \n        name='text-2-7'\n        \n        \n      \/>\n      \n      \n    <\/div>\n    \n        \n            <div class='K2 L2 M2 b2-7-err-wrp bf-err-wrp' style=\"opacity: 0 !important; height: 0px !important;\">\n    <div class='I2 b2-7-err-inner bf-err-inner'>\n      \n        \n        <div   class=\"A2 D2 Q2 R2 S2 T2 U2 V2 W2 X2 Y2 Z2 b2-7-err-msg bf-err-msg  J2 b2-7-err-txt bf-err-txt \" style='display: none !important;'><\/div>\n        \n      \n      <\/div>\n    <\/div>\n      <\/div>\n    <\/div>\n<\/div><div class=\"btcd-fld-itm b2-3 \">\n        <div \n      \n      class=\"J2 N2 O2 P2 b2-3-fld-wrp bf-fld-wrp \"\n    >\n            <div \n        \n        class=\"H2 y2 AC2 b2-3-lbl-wrp bf-lbl-wrp \" \n      >\n              <label \n         \n        class=\"A2 D2 H2 y2 z2 AA2 AB2 BB2 b2-3-lbl bf-lbl \"\n        for=\"b2-3-1\">\n        \n        \n        Mensaje\n        \n              <span \n        \n        class=\"AD2 AE2 b2-3-req-smbl bf-req-smbl \" \n      >\n        *\n      <\/span>\n      <\/label>\n        \n      <\/div>\n      <div \n        \n        class=\"b2-3-inp-wrp bf-inp-wrp \"\n      > \n            <div \n      \n      class=\"P2 x2 b2-3-inp-fld-wrp bf-inp-fld-wrp \"\n    >\n      <textarea\n        \n        id=\"b2-3-1\"\n        class=\"B2 E2 F2 a2 b2 c2 d2 e2 g2 h2 j2 k2 l2 m2 n2 o2 p2 q2 r2 s2 t2 u2 v2 w2 AR2 Ar2 As2 At2 Au2 Av2 Aw2 Ax2 Ay2 Az2 BA2 b2-3-fld bf-fld \"\n        required\n        \n        \n        placeholder='Write your message...'\n        \n        name='textarea-b2-3'\n      ><\/textarea>\n      \n      \n    <\/div>\n        \n            <div class='K2 L2 M2 b2-3-err-wrp bf-err-wrp' style=\"opacity: 0 !important; height: 0px !important;\">\n    <div class='I2 b2-3-err-inner bf-err-inner'>\n      \n        \n        <div   class=\"A2 D2 Q2 R2 S2 T2 U2 V2 W2 X2 Y2 Z2 b2-3-err-msg bf-err-msg  J2 b2-3-err-txt bf-err-txt \" style='display: none !important;'><\/div>\n        \n      \n      <\/div>\n    <\/div>\n      <\/div>\n    <\/div>\n<\/div><div class=\"btcd-fld-itm b2-1 \">\n        <div \n      \n      class=\"J2 N2 O2 P2 b2-1-fld-wrp bf-fld-wrp \"\n    >\n      \n      <div \n        \n        class=\"b2-1-inp-wrp bf-inp-wrp \"\n      > \n              <div \n        \n        class=\"D2 b2-1-inp-fld-wrp bf-inp-fld-wrp \"\n      >\n        <button\n          \n          class=\"A2 B2 C2 D2 E2 F2 G2 H2 AL2 AM2 AN2 AO2 AP2 AQ2 BD2 BE2 BF2 b2-1-btn bf-btn  \"\n          type=\"submit\"\n          name='button-b2-1'\n          \n        >\n          \n          ENVIAR\n          \n          <span class=\"bf-spinner d-none\"><\/span>\n        <\/button>\n      <\/div>\n        \n        \n      <\/div>\n    <\/div>\n<\/div><div class=\"btcd-fld-itm b2-6 \">\n        <div \n      \n      class=\"J2 N2 O2 P2 b2-6-fld-wrp bf-fld-wrp \"\n    >\n      \n      <div \n        \n        class=\"b2-6-inp-wrp bf-inp-wrp \"\n      > \n              <div\n        \n        class=\"D2 AT2 b2-6-cc bf-cc \"\n      >\n        <svg class=\"AF2 AG2 AH2 Ae2 b2-6-cks bf-cks\">\n          <symbol id=\"b2-6-ck-svg\" viewBox=\"0 0 12 10\">\n            <polyline\n              class=\"Ad2 b2-6-ck-svgline bf-ck-svgline\"\n              points=\"1.5 6 4.5 9 10.5 1\"\n            ><\/polyline>\n          <\/symbol>\n        <\/svg>\n\n        <div\n          \n          class=\"b2-6-cw bf-cw \"\n        >\n          <input\n            id=\"b2-6-1-decision\"\n            type=\"checkbox\"\n            class=\"AF2 AU2 AV2 AW2 AX2 AY2 AZ2 Aa2 Ab2 BH2 BI2 BJ2 BK2 b2-6-ci bf-ci\"\n            \n            \n            required\n            name='Acepto_el_Aviso_Legal_y_la_Pol\u00edtica_de_Protecci\u00f3n_de_datos'\n            \n            value='Accepted'\n          \/>\n          <label\n            \n            data-cl\n            for=\"b2-6-1-decision\"\n            class=\"A2 C2 D2 z2 Af2 BB2 b2-6-cl bf-cl\"\n          >\n            <span\n              \n              data-bx\n              class=\"A2 G2 P2 T2 AS2 BG2 b2-6-bx bf-bx A2 G2 P2 T2 AS2 BG2 b2-6-bx bf-bx\"\n            >\n              <svg width=\"12\" height=\"10\" viewBox=\"0 0 12 10\" class=\"Ah2 BL2 b2-6-svgwrp bf-svgwrp\">\n                <use data-ck-icn href=\"#b2-6-ck-svg\" class=\"Ac2 b2-6-ck-icn bf-ck-icn\" \/>\n              <\/svg>\n            <\/span>\n            <span\n              \n              class=\"Ag2 b2-6-ct bf-ct \"\n            >\n              <p style=\"margin: 0\"><span style=\"font-size: 12pt\">Acepto el Aviso Legal y la Pol&iacute;tica de Protecci&oacute;n de datos<\/span><\/p>\n            <\/span>\n          <\/label>\n        <\/div>\n      <\/div>\n        \n            <div class='b2-6-err-wrp bf-err-wrp' style=\"opacity: 0 !important; height: 0px !important;\">\n    <div class='b2-6-err-inner bf-err-inner'>\n      \n        \n        <div   class=\"A2 D2 Q2 R2 S2 T2 U2 V2 W2 X2 Y2 Z2 b2-6-err-msg bf-err-msg  b2-6-err-txt bf-err-txt \" style='display: none !important;'><\/div>\n        \n      \n      <\/div>\n    <\/div>\n      <\/div>\n    <\/div>\n<\/div>\n          <\/form>\n          \n          <div id='bf-form-msg-wrp-bitforms_2_218_1'><\/div>\n                      <div role=\"dialog\" aria-hidden=\"true\" data-modal-backdrop=\"true\" class=\"A2 D2 G2 AG2 An2 Ao2 Ap2 msg-container-2 deactive scroll\">\n              <div data-contentid=\"bitforms_2_218_1\" data-msgid=\"2\" role=\"button\" class=\"A2 D2 G2 H2 Am2 msg-background-2 msg-backdrop\">\n                <div class=\"bf-msg-content H2 P2 T2 U2 z2 Aq2 BB2 msg-content-2\">\n                  <button data-contentid=\"bitforms_2_218_1\" data-msgid=\"2\" class=\"C2 K2 N2 AF2 Ai2 Aj2 Ak2 BM2 BN2 BO2 close-2 bf-msg-close\" type=\"button\">\n                    <svg class=\"AH2 Al2 close-icn-2\" viewBox=\"0 0 30 30\">\n                      <line fill=\"none\" stroke=\"currentColor\" stroke-linecap=\"round\" stroke-linejoin=\"round\" x1=\"4\" y1=\"3.88\" x2=\"26\" y2=\"26.12\"><\/line>\n                      <line fill=\"none\" stroke=\"currentColor\" stroke-linecap=\"round\" stroke-linejoin=\"round\" x1=\"26\" y1=\"3.88\" x2=\"4\" y2=\"26.12\"><\/line>\n                    <\/svg>\n                  <\/button>\n                  <div class=\"msg-content\"><\/div>\n                <\/div>\n              <\/div>\n            <\/div>\n      <\/div>    <script id=\"bit-form-bf-globals-bitforms_2_218_1\">      if(!window.bf_globals) { \n        window.bf_globals = {} \n      } if(!window.bf_globals.bitforms_2_218_1) { \n        window.bf_globals.bitforms_2_218_1 = {} \n      }\n      if(document.getElementById('bitforms_2_218_1')) {\n        window.bf_globals.bitforms_2_218_1 = { \n          ...window.bf_globals.bitforms_2_218_1, \n          ...{\"ajaxURL\":\"https:\\\/\\\/audibrok.com\\\/wp-admin\\\/admin-ajax.php\",\"nonce\":\"dc540065d2\",\"version\":\"2.21.2\",\"layout\":{\"lg\":[{\"w\":60,\"h\":78,\"x\":0,\"y\":0,\"i\":\"b2-2\",\"moved\":false,\"static\":false},{\"w\":60,\"h\":78,\"x\":0,\"y\":78,\"i\":\"b2-5\",\"moved\":false,\"static\":false},{\"w\":60,\"h\":78,\"x\":0,\"y\":156,\"i\":\"b2-7\",\"moved\":false,\"static\":false},{\"w\":60,\"h\":99,\"x\":0,\"y\":234,\"i\":\"b2-3\",\"minW\":9,\"moved\":false,\"static\":false},{\"w\":20,\"h\":54,\"x\":0,\"y\":333,\"i\":\"b2-1\",\"moved\":false,\"static\":false},{\"w\":60,\"h\":39,\"x\":0,\"y\":387,\"i\":\"b2-6\",\"moved\":false,\"static\":false}],\"md\":[{\"w\":60,\"h\":78,\"x\":0,\"y\":0,\"i\":\"b2-2\",\"moved\":false,\"static\":false},{\"w\":60,\"h\":78,\"x\":0,\"y\":78,\"i\":\"b2-5\",\"moved\":false,\"static\":false},{\"w\":60,\"h\":78,\"x\":0,\"y\":156,\"i\":\"b2-7\",\"moved\":false,\"static\":false},{\"w\":60,\"h\":99,\"x\":0,\"y\":234,\"i\":\"b2-3\",\"minW\":9,\"moved\":false,\"static\":false},{\"w\":60,\"h\":54,\"x\":0,\"y\":333,\"i\":\"b2-1\",\"moved\":false,\"static\":false},{\"w\":60,\"h\":39,\"x\":0,\"y\":387,\"i\":\"b2-6\",\"moved\":false,\"static\":false}],\"sm\":[{\"w\":60,\"h\":78,\"x\":0,\"y\":0,\"i\":\"b2-2\",\"moved\":false,\"static\":false},{\"w\":60,\"h\":78,\"x\":0,\"y\":78,\"i\":\"b2-5\",\"moved\":false,\"static\":false},{\"w\":60,\"h\":78,\"x\":0,\"y\":156,\"i\":\"b2-7\",\"moved\":false,\"static\":false},{\"w\":60,\"h\":99,\"x\":0,\"y\":234,\"i\":\"b2-3\",\"minW\":9,\"moved\":false,\"static\":false},{\"w\":60,\"h\":54,\"x\":0,\"y\":333,\"i\":\"b2-1\",\"moved\":false,\"static\":false},{\"w\":60,\"h\":39,\"x\":0,\"y\":387,\"i\":\"b2-6\",\"moved\":false,\"static\":false}]},\"nestedLayout\":{},\"fields\":{\"b2-1\":{\"typ\":\"button\",\"btnSiz\":\"md\",\"btnTyp\":\"submit\",\"txt\":\"ENVIAR\",\"icn\":{\"pos\":\"\",\"url\":\"\"},\"valid\":{},\"customClasses\":{},\"customAttributes\":{},\"fulW\":true,\"fieldName\":\"button-b2-1\"},\"b2-2\":{\"typ\":\"text\",\"lbl\":\"Nombre\",\"phHide\":true,\"valid\":{\"req\":true,\"reqPos\":\"after\",\"reqShow\":true},\"err\":{\"req\":{\"dflt\":\"<p style=\\\"margin:0\\\">Este campo es obligatorio<\\\/p>\",\"show\":true}},\"customClasses\":{},\"customAttributes\":{},\"fieldName\":\"text-b2-2\",\"acHide\":true,\"ac\":\"name\",\"ph\":\"John Doe\"},\"b2-3\":{\"typ\":\"textarea\",\"lbl\":\"Mensaje\",\"phHide\":true,\"valid\":{\"req\":true,\"reqPos\":\"after\",\"reqShow\":true},\"err\":{\"req\":{\"dflt\":\"<p style=\\\"margin:0\\\">Este campo es obligatorio<\\\/p>\",\"show\":true,\"custom\":true,\"msg\":\"<p style=\\\"margin:0\\\">Message can not be empty.<\\\/p>\"}},\"customClasses\":{},\"customAttributes\":{},\"fieldName\":\"textarea-b2-3\",\"ph\":\"Write your message...\"},\"b2-5\":{\"typ\":\"email\",\"lbl\":\"Email\",\"ph\":\"example@mail.com\",\"phHide\":true,\"pattern\":\"^[^$_bf_$s@]+@[^$_bf_$s@]+$_bf_$.[^$_bf_$s@]+$\",\"valid\":{\"req\":true,\"reqPos\":\"after\",\"reqShow\":true},\"err\":{\"invalid\":{\"dflt\":\"<p style=\\\"margin:0\\\">Por favor, introduce una direcci\\u00f3n de correo electr\\u00f3nico v\\u00e1lida<\\\/p>\",\"show\":true},\"req\":{\"dflt\":\"<p style=\\\"margin:0\\\">Este campo es obligatorio<\\\/p>\",\"show\":true,\"custom\":true,\"msg\":\"<p style=\\\"margin:0\\\">Please enter your email.<\\\/p>\"}},\"customClasses\":{},\"customAttributes\":{},\"fieldName\":\"email-b2-5\",\"acHide\":true,\"ac\":\"email\"},\"b2-6\":{\"typ\":\"decision-box\",\"adminLbl\":\"Acepto el Aviso Legal y la Pol\\u00edtica de Protecci\\u00f3n de datos\",\"adminLblHide\":true,\"lbl\":\"<p style=\\\"margin: 0;\\\"><span style=\\\"font-size: 12pt;\\\">Acepto el Aviso Legal y la Pol&iacute;tica de Protecci&oacute;n de datos<\\\/span><\\\/p>\",\"msg\":{\"checked\":\"Accepted\",\"unchecked\":\"Rejected\"},\"valid\":{\"req\":true},\"err\":{\"req\":{\"dflt\":\"<p style=\\\"margin:0\\\">Este campo es obligatorio<\\\/p>\",\"show\":true}},\"customClasses\":{},\"customAttributes\":{},\"fieldName\":\"Acepto_el_Aviso_Legal_y_la_Pol\\u00edtica_de_Protecci\\u00f3n_de_datos\"},\"b2-7\":{\"typ\":\"text\",\"lbl\":\"Asunto\",\"ph\":\"Marcador de posici\\u00f3n...\",\"phHide\":true,\"valid\":{},\"err\":{},\"customClasses\":{},\"customAttributes\":{},\"fieldName\":\"text-2-7\"}},\"buttons\":\"\",\"fieldsKey\":{\"b2-1\":\"b2-1\",\"b2-2\":\"b2-2\",\"b2-3\":\"b2-3\",\"b2-5\":\"b2-5\",\"b2-6\":\"b2-6\",\"b2-7\":\"b2-7\"},\"file\":false,\"configs\":{\"bf_separator\":\"__bf__\"},\"formId\":2,\"appID\":\"bitforms_2\",\"GCLID\":false,\"assetUrl\":\"https:\\\/\\\/audibrok.com\\\/wp-content\\\/plugins\\\/bit-form\\\/assets\",\"onfieldCondition\":false,\"smartTags\":{\"_bf_current_time\":\"2026-04-17 14:30:49\",\"_bf_admin_email\":\"info@jpdinformatica.com\",\"_bf_date_default\":\"abril 17, 2026\",\"_bf_date.m\\\/d\\\/y\":\"04\\\/17\\\/26\",\"_bf_date.d\\\/m\\\/y\":\"17\\\/04\\\/26\",\"_bf_date.y\\\/m\\\/d\":\"26\\\/04\\\/17\",\"_bf_date.Y-m-d\":\"2026-04-17\",\"_bf_date.d-M, Y\":\"17-Abr, 2026\",\"_bf_time\":\"2:30 pm\",\"_bf_weekday\":\"viernes\",\"_bf_http_referer_url\":\"\",\"_bf_ip_address\":\"216.73.216.226\",\"_bf_browser_name\":\"Bot\",\"_bf_operating_system\":\"\",\"_bf_random_digit\":\"69e24419a4bfb\",\"_bf_user_id\":\"0\",\"_bf_user_first_name\":\" \",\"_bf_user_last_name\":\" \",\"_bf_user_display_name\":\" \",\"_bf_user_nice_name\":\" \",\"_bf_user_login_name\":\" \",\"_bf_user_email\":\" \",\"_bf_user_url\":\" \",\"_bf_current_user_role\":\" \",\"_bf_author_id\":\" \",\"_bf_author_display\":\" \",\"_bf_author_email\":\" \",\"_bf_site_title\":\"Top Of The World\",\"_bf_site_description\":\"\",\"_bf_site_url\":\"https:\\\/\\\/audibrok.com\",\"_bf_wp_local_codes\":\"es\",\"_bf_separator\":\"__bf__\",\"_bf_post_id\":\"\",\"_bf_post_name\":\"\",\"_bf_post_title\":\"\",\"_bf_post_date\":\"\",\"_bf_post_modified_date\":\"\",\"_bf_post_url\":\"\",\"_bf_is_user_logged_in\":\"logged_out\",\"_bf_entry_id\":\"\",\"_bf_back_view\":\"https:\\\/\\\/audibrok.com\\\/wp-json\\\/wp\\\/v2\\\/pages\\\/218\"},\"paymentCallbackUrl\":\"https:\\\/\\\/audibrok.com\\\/index.php\\\/wp-json\\\/bitform\\\/v1\\\/payments\\\/razorpay\",\"gRecaptchaSiteKey\":null,\"gRecaptchaVersion\":null,\"turnstileSiteKey\":null,\"hCaptchaSiteKey\":null}\n        };\n      }<\/script>\n<\/div>\n<\/div>\n\n\n\n<div class=\"wp-block-columns is-layout-flex wp-container-core-columns-is-layout-28f84493 wp-block-columns-is-layout-flex\">\n<div class=\"wp-block-column is-layout-flow wp-block-column-is-layout-flow\">\n<!-- SECCI\u00d3N TESTIMONIOS -->\n<div class=\"testimonios-wrapper\" style=\"width:100%; background:#f7f7f7; padding:60px 0\">\n\n    <div style=\"max-width:1100px; margin:0 auto; text-align:center;\">\n\n        <h2 style=\"color:#333; font-size:26px; margin-bottom:5px;\">\n            Testimonios\n        <\/h2>\n\n        <p style=\"color:#ff9c9c; font-size:24px; margin-top:-20px ;margin-bottom:90px;\">\n            Qu\u00e9 opinan nuestros clientes\n        <\/p>\n\n        <div class=\"testimonios-flex\" style=\"display:flex; justify-content:space-between; gap:40px;\">\n\n            <div style=\"width:33%; text-align:left; color:#555; font-size:15px; line-height:22px;\">\n                <div style=\"font-size:40px; color:#d9d9d9; line-height:0;\">\u275d<\/div>\n                Fue muy f\u00e1cil y r\u00e1pido cambiar de compa\u00f1\u00eda. No nos supuso ning\u00fan coste y estamos ahorrando el valor de dos facturas por a\u00f1o.\n                <br><br>\n                <span style=\"font-size:13px; color:#777;\">\ud83d\udc64 Esther Vivanco<\/span>\n            <\/div>\n\n            <div style=\"width:33%; text-align:left; color:#555; font-size:15px; line-height:22px;\">\n                <div style=\"font-size:40px; color:#d9d9d9; line-height:0;\">\u275d<\/div>\n                La factura de luz de mi restaurante ha bajado dr\u00e1sticamente con el cambio de compa\u00f1\u00eda y ajuste de la potencia.\n                El siguiente paso es cambiar toda la iluminaci\u00f3n a led.\n                <br><br>\n                <span style=\"font-size:13px; color:#777;\">\ud83d\udc64 D. Lee<\/span>\n            <\/div>\n\n            <div style=\"width:33%; text-align:left; color:#555; font-size:15px; line-height:22px;\">\n                <div style=\"font-size:40px; color:#d9d9d9; line-height:0;\">\u275d<\/div>\n                Ten\u00eda un terreno r\u00fastico al que no llegaba el suministro el\u00e9ctrico. Ahora generamos nuestra propia energ\u00eda y no dependemos de ninguna compa\u00f1\u00eda.\n                <br><br>\n                <span style=\"font-size:13px; color:#777;\">\ud83d\udc64 Jorge Maci\u00e1<\/span>\n            <\/div>\n\n        <\/div>\n    <\/div>\n<\/div>\n\n<style>\n@media (max-width:1024px) {\n    .testimonios-wrapper .testimonios-flex {\n        gap:25px !important;\n    }\n}\n\n@media (max-width:768px) {\n    .testimonios-wrapper .testimonios-flex {\n        flex-direction:column !important;\n        gap:40px !important;\n    }\n    .testimonios-wrapper [style*=\"width:33%\"] {\n        width:100% !important;\n    }\n}\n\n@media (max-width:480px) {\n    .testimonios-wrapper h2 {\n        font-size:22px !important;\n    }\n    .testimonios-wrapper p[style*=\"font-size:24px\"] {\n        font-size:18px !important;\n        margin-bottom:50px !important;\n    }\n    .testimonios-wrapper [style*=\"font-size:15px\"] {\n        font-size:14px !important;\n        line-height:20px !important;\n    }\n    .testimonios-wrapper [style*=\"font-size:40px\"] {\n        font-size:34px !important;\n    }\n}\n<\/style>\n<\/div>\n<\/div>\n","protected":false},"excerpt":{"rendered":"<p>Auditor\u00eda energ\u00e9tica La mejor estrategia para alcanzar la eficiencia energ\u00e9tica en las PYMES Auditor\u00eda de eficiencia energ\u00e9tica \u00bfAlguna vez has considerado ahorrar dinero en la factura de energ\u00eda mientras mantienes un alto rendimiento, confort, salud y seguridad en tu empresa? Si es as\u00ed, entonces una auditor\u00eda energ\u00e9tica es la soluci\u00f3n que necesita tu negocio. Llevamos [&hellip;]<\/p>\n","protected":false},"author":1,"featured_media":0,"parent":0,"menu_order":0,"comment_status":"closed","ping_status":"closed","template":"","meta":{"footnotes":""},"class_list":["post-218","page","type-page","status-publish","hentry"],"blocksy_meta":{"has_hero_section":"disabled","styles_descriptor":{"styles":{"desktop":"","tablet":"","mobile":""},"google_fonts":[],"version":6}},"_links":{"self":[{"href":"https:\/\/audibrok.com\/index.php\/wp-json\/wp\/v2\/pages\/218","targetHints":{"allow":["GET"]}}],"collection":[{"href":"https:\/\/audibrok.com\/index.php\/wp-json\/wp\/v2\/pages"}],"about":[{"href":"https:\/\/audibrok.com\/index.php\/wp-json\/wp\/v2\/types\/page"}],"author":[{"embeddable":true,"href":"https:\/\/audibrok.com\/index.php\/wp-json\/wp\/v2\/users\/1"}],"replies":[{"embeddable":true,"href":"https:\/\/audibrok.com\/index.php\/wp-json\/wp\/v2\/comments?post=218"}],"version-history":[{"count":6,"href":"https:\/\/audibrok.com\/index.php\/wp-json\/wp\/v2\/pages\/218\/revisions"}],"predecessor-version":[{"id":416,"href":"https:\/\/audibrok.com\/index.php\/wp-json\/wp\/v2\/pages\/218\/revisions\/416"}],"wp:attachment":[{"href":"https:\/\/audibrok.com\/index.php\/wp-json\/wp\/v2\/media?parent=218"}],"curies":[{"name":"wp","href":"https:\/\/api.w.org\/{rel}","templated":true}]}}